{"id":2255,"date":"2025-01-20T20:50:21","date_gmt":"2025-01-20T20:50:21","guid":{"rendered":"https:\/\/biblioteca.esup.edu.pe\/?page_id=2255"},"modified":"2025-02-04T21:41:06","modified_gmt":"2025-02-04T21:41:06","slug":"repositorios-nacionales","status":"publish","type":"page","link":"https:\/\/biblioteca.esup.edu.pe\/?page_id=2255","title":{"rendered":"Repositorios Nacionales"},"content":{"rendered":"<p>[et_pb_section fb_built=\u00bb1&#8243; _builder_version=\u00bb4.9.2&#8243; _module_preset=\u00bbdefault\u00bb background_color=\u00bb#000000&#8243; background_image=\u00bbhttp:\/\/172.16.50.3\/webBiblioteca\/wp-content\/uploads\/2021\/03\/it-services-02.jpg\u00bb parallax=\u00bbon\u00bb custom_margin=\u00bb||-57px||false|false\u00bb custom_margin_tablet=\u00bb|||0px|false|false\u00bb custom_margin_phone=\u00bb|||0px|false|false\u00bb custom_margin_last_edited=\u00bbon|desktop\u00bb custom_padding=\u00bb0px|0|0px||false|false\u00bb][et_pb_row use_custom_gutter=\u00bbon\u00bb _builder_version=\u00bb3.25&#8243; custom_margin=\u00bb|auto|-31px|auto||\u00bb custom_padding=\u00bb|||\u00bb use_custom_width=\u00bbon\u00bb][et_pb_column type=\u00bb4_4&#8243; _builder_version=\u00bb3.25&#8243; custom_padding=\u00bb|||\u00bb custom_padding__hover=\u00bb|||\u00bb][et_pb_text _builder_version=\u00bb4.9.2&#8243; _module_preset=\u00bbdefault\u00bb text_font=\u00bb||||||||\u00bb text_font_size=\u00bb28px\u00bb background_color=\u00bbRGBA(0,0,0,0)\u00bb]<\/p>\n<p><span style=\"color: #ffcc00;\">REPOSITORIOS\u00a0 NACIONALES\u00a0<\/span><\/p>\n<p>&nbsp;<\/p>\n<h3><span style=\"color: #ffffff;\">Red de repositorios peruanos de ciencia, tecnolog\u00eda e innovaci\u00f3n,<\/span><br \/><span style=\"color: #ffffff;\">ofrecen acceso abierto a libros, tesis, art\u00edculos, videos y\u00a0 otros.<\/span><br \/><span style=\"color: #ffffff;\">Como contribuci\u00f3n a la investigaci\u00f3n nacional e internacional.<\/span><\/h3>\n<p>[\/et_pb_text][\/et_pb_column][\/et_pb_row][\/et_pb_section][et_pb_section fb_built=\u00bb1&#8243; _builder_version=\u00bb4.9.2&#8243; _module_preset=\u00bbdefault\u00bb background_color=\u00bb#000000&#8243; background_image=\u00bbhttp:\/\/172.16.50.3\/webBiblioteca\/wp-content\/uploads\/2021\/03\/it-services-02.jpg\u00bb parallax=\u00bbon\u00bb min_height=\u00bb809.9px\u00bb custom_margin=\u00bb||||false|false\u00bb custom_margin_tablet=\u00bb|||0px|false|false\u00bb custom_margin_phone=\u00bb|||0px|false|false\u00bb custom_margin_last_edited=\u00bbon|desktop\u00bb custom_padding=\u00bb0px|0|0px||false|false\u00bb][et_pb_row column_structure=\u00bb1_5,1_5,1_5,1_5,1_5&#8243; _builder_version=\u00bb4.9.2&#8243; _module_preset=\u00bbdefault\u00bb background_color=\u00bb#FFFFFF\u00bb custom_margin=\u00bb||50px||false|false\u00bb border_radii=\u00bbon|2px|2px|2px|2px\u00bb][et_pb_column type=\u00bb1_5&#8243; _builder_version=\u00bb4.9.2&#8243; _module_preset=\u00bbdefault\u00bb][\/et_pb_column][et_pb_column type=\u00bb1_5&#8243; _builder_version=\u00bb4.9.2&#8243; _module_preset=\u00bbdefault\u00bb][et_pb_blurb url=\u00bbhttps:\/\/alicia.concytec.gob.pe\/\u00bb image=\u00bbhttps:\/\/biblioteca.esup.edu.pe\/wp-content\/uploads\/2025\/01\/Alicia-2.png\u00bb _builder_version=\u00bb4.9.2&#8243; header_level=\u00bbh1&#8243; header_font=\u00bb|600|||||||\u00bb header_text_color=\u00bb#0C71C3&#8243; header_font_size=\u00bb18px\u00bb header_line_height=\u00bb1.4em\u00bb body_font=\u00bbOpen Sans||||||||\u00bb body_text_color=\u00bb#FFFFFF\u00bb body_font_size=\u00bb16px\u00bb body_line_height=\u00bb1.8em\u00bb background_color=\u00bbrgba(25,122,170,0.71)\u00bb text_orientation=\u00bbcenter\u00bb background_layout=\u00bbdark\u00bb custom_padding=\u00bb||||true|true\u00bb animation=\u00bboff\u00bb link_option_url=\u00bbhttps:\/\/alicia.concytec.gob.pe\/\u00bb link_option_url_new_window=\u00bbon\u00bb border_width_top=\u00bb1px\u00bb border_color_top=\u00bb#b5b5b5&#8243; border_width_right=\u00bb1px\u00bb border_color_right=\u00bb#b5b5b5&#8243; border_width_bottom=\u00bb1px\u00bb border_color_bottom=\u00bb#b5b5b5&#8243; border_width_left=\u00bb1px\u00bb border_color_left=\u00bb#b5b5b5&#8243; box_shadow_style=\u00bbpreset4&#8243;]<span style=\"color: #000000;\">Red de Repositorios Nacionales, de Ciencia, Tecnolog\u00eda e Innovaci\u00f3n. CONCYTEC.<\/span><\/p>\n<p style=\"text-align: center;\">[\/et_pb_blurb][\/et_pb_column][et_pb_column type=\u00bb1_5&#8243; _builder_version=\u00bb4.9.2&#8243; _module_preset=\u00bbdefault\u00bb][et_pb_blurb url=\u00bbhttps:\/\/renati.sunedu.gob.pe\/\u00bb image=\u00bbhttps:\/\/biblioteca.esup.edu.pe\/wp-content\/uploads\/2025\/01\/Renati.png\u00bb _builder_version=\u00bb4.9.2&#8243; header_level=\u00bbh1&#8243; header_font=\u00bb|600|||||||\u00bb header_text_color=\u00bb#0C71C3&#8243; header_font_size=\u00bb18px\u00bb header_line_height=\u00bb1.2em\u00bb body_font=\u00bbOpen Sans||||||||\u00bb body_text_color=\u00bb#FFFFFF\u00bb body_font_size=\u00bb16px\u00bb body_line_height=\u00bb1.8em\u00bb background_color=\u00bb#FFFFFF\u00bb text_orientation=\u00bbcenter\u00bb background_layout=\u00bbdark\u00bb custom_padding=\u00bb||||true|true\u00bb animation=\u00bboff\u00bb link_option_url=\u00bbhttps:\/\/renati.sunedu.gob.pe\/\u00bb link_option_url_new_window=\u00bbon\u00bb hover_enabled=\u00bb0&#8243; border_width_top=\u00bb1px\u00bb border_color_top=\u00bb#b5b5b5&#8243; border_width_right=\u00bb1px\u00bb border_color_right=\u00bb#b5b5b5&#8243; border_width_bottom=\u00bb1px\u00bb border_color_bottom=\u00bb#b5b5b5&#8243; border_width_left=\u00bb1px\u00bb border_color_left=\u00bb#b5b5b5&#8243; box_shadow_style=\u00bbpreset4&#8243; sticky_enabled=\u00bb0&#8243;]<\/p>\n<p><span style=\"color: #000000;\">Repositorio del Registro Nacional de Trabajos de Investigaci\u00f3n, SUNEDU.<\/span><\/p>\n<p>&nbsp;<\/p>\n<p style=\"text-align: center;\">[\/et_pb_blurb][et_pb_blurb url=\u00bbhttps:\/\/lum.cultura.pe\/cdi\/\u00bb image=\u00bbhttps:\/\/biblioteca.esup.edu.pe\/wp-content\/uploads\/2025\/02\/Ministerio-de-Cultura.png\u00bb _builder_version=\u00bb4.9.2&#8243; header_level=\u00bbh1&#8243; header_font=\u00bb|600|||||||\u00bb header_text_color=\u00bb#0C71C3&#8243; header_font_size=\u00bb18px\u00bb header_line_height=\u00bb1.2em\u00bb body_font=\u00bbOpen Sans||||||||\u00bb body_text_color=\u00bb#FFFFFF\u00bb body_font_size=\u00bb16px\u00bb body_line_height=\u00bb1.8em\u00bb background_color=\u00bb#FFFFFF\u00bb text_orientation=\u00bbcenter\u00bb background_layout=\u00bbdark\u00bb custom_padding=\u00bb||||true|true\u00bb animation=\u00bboff\u00bb link_option_url=\u00bbhttps:\/\/lum.cultura.pe\/cdi\/\u00bb link_option_url_new_window=\u00bbon\u00bb hover_enabled=\u00bb0&#8243; border_width_top=\u00bb1px\u00bb border_color_top=\u00bb#b5b5b5&#8243; border_width_right=\u00bb1px\u00bb border_color_right=\u00bb#b5b5b5&#8243; border_width_bottom=\u00bb1px\u00bb border_color_bottom=\u00bb#b5b5b5&#8243; border_width_left=\u00bb1px\u00bb border_color_left=\u00bb#b5b5b5&#8243; box_shadow_style=\u00bbpreset4&#8243; title_text=\u00bbMinisterio de Cultura\u00bb sticky_enabled=\u00bb0&#8243;]<\/p>\n<p><strong><span style=\"color: #000000;\">Repositorio\u00a0 Digital CDI LUM\u00a0 <\/span><\/strong><\/p>\n<p><span style=\"color: #000000;\">Contiene temas concernientes\u00a0 al periodo de violencia entre\u00a0 1980-2000, derechos humanos, memoria, entre otros.<\/span><\/p>\n<p style=\"text-align: center;\">[\/et_pb_blurb][\/et_pb_column][et_pb_column type=\u00bb1_5&#8243; _builder_version=\u00bb4.9.2&#8243; _module_preset=\u00bbdefault\u00bb][et_pb_blurb url=\u00bbhttps:\/\/www.perucris.pe\/home\u00bb url_new_window=\u00bbon\u00bb image=\u00bbhttps:\/\/biblioteca.esup.edu.pe\/wp-content\/uploads\/2024\/10\/Peru-cris.png\u00bb _builder_version=\u00bb4.9.2&#8243; header_font=\u00bb|600|||||||\u00bb header_text_color=\u00bb#0C71C3&#8243; header_font_size=\u00bb18px\u00bb header_line_height=\u00bb1.2em\u00bb body_font=\u00bbOpen Sans||||||||\u00bb body_text_color=\u00bb#FFFFFF\u00bb body_font_size=\u00bb16px\u00bb body_line_height=\u00bb1.8em\u00bb background_color=\u00bb#FFFFFF\u00bb text_orientation=\u00bbcenter\u00bb background_layout=\u00bbdark\u00bb custom_padding=\u00bb||||true|true\u00bb animation=\u00bboff\u00bb link_option_url=\u00bbhttps:\/\/www.perucris.pe\/home\u00bb link_option_url_new_window=\u00bbon\u00bb border_width_top=\u00bb1px\u00bb border_color_top=\u00bb#b5b5b5&#8243; border_width_right=\u00bb1px\u00bb border_color_right=\u00bb#b5b5b5&#8243; border_width_bottom=\u00bb1px\u00bb border_color_bottom=\u00bb#b5b5b5&#8243; border_width_left=\u00bb1px\u00bb border_color_left=\u00bb#b5b5b5&#8243; box_shadow_style=\u00bbpreset4&#8243;]<\/p>\n<h4 style=\"text-align: center;\"><span style=\"color: #000000;\">Plataforma compuesta por directorios CTI.<\/span><\/h4>\n<h4 style=\"text-align: center;\"><\/h4>\n<p style=\"text-align: center;\">[\/et_pb_blurb][\/et_pb_column][et_pb_column type=\u00bb1_5&#8243; _builder_version=\u00bb4.9.2&#8243; _module_preset=\u00bbdefault\u00bb][\/et_pb_column][\/et_pb_row][\/et_pb_section][et_pb_section fb_built=\u00bb1&#8243; fullwidth=\u00bbon\u00bb _builder_version=\u00bb4.9.2&#8243; _module_preset=\u00bbdefault\u00bb][\/et_pb_section][et_pb_section fb_built=\u00bb1&#8243; custom_padding_last_edited=\u00bboff|desktop\u00bb admin_label=\u00bbFooter\u00bb _builder_version=\u00bb4.9.2&#8243; use_background_color_gradient=\u00bbon\u00bb background_color_gradient_start=\u00bb#0d1d3f\u00bb background_color_gradient_end=\u00bb#000000&#8243; background_color_gradient_direction=\u00bb140deg\u00bb background_color_gradient_overlays_image=\u00bbon\u00bb background_image=\u00bbhttp:\/\/172.16.50.3\/webBiblioteca\/wp-content\/uploads\/2021\/03\/it-services-04.jpg\u00bb custom_margin=\u00bb|||\u00bb custom_padding=\u00bb23px|0px|23px|0px|true|false\u00bb custom_padding_tablet=\u00bb10vw||10vw||true\u00bb custom_padding_phone=\u00bb5vw||5vw||true\u00bb locked=\u00bboff\u00bb][et_pb_row use_custom_gutter=\u00bbon\u00bb _builder_version=\u00bb4.9.2&#8243; custom_margin=\u00bb|auto|-31px|auto||\u00bb custom_padding=\u00bb|||\u00bb use_custom_width=\u00bbon\u00bb][et_pb_column type=\u00bb4_4&#8243; _builder_version=\u00bb4.9.2&#8243; custom_padding=\u00bb|||\u00bb custom_padding__hover=\u00bb|||\u00bb][et_pb_text _builder_version=\u00bb4.9.2&#8243; _module_preset=\u00bbdefault\u00bb background_color=\u00bbRGBA(0,0,0,0)\u00bb]<\/p>\n<h1><span style=\"color: #ffffff;\"><strong>Biblioteca ESUP<\/strong><\/span><\/h1>\n<p style=\"text-align: center;\">[\/et_pb_text][\/et_pb_column][\/et_pb_row][et_pb_row column_structure=\u00bb1_3,1_3,1_3&#8243; use_custom_gutter=\u00bbon\u00bb _builder_version=\u00bb3.25&#8243; custom_margin=\u00bb|auto|-31px|auto||\u00bb custom_padding=\u00bb|||\u00bb use_custom_width=\u00bbon\u00bb][et_pb_column type=\u00bb1_3&#8243; _builder_version=\u00bb3.25&#8243; custom_padding=\u00bb|||\u00bb custom_padding__hover=\u00bb|||\u00bb][et_pb_blurb title=\u00bbDirecci\u00f3n\u00bb use_icon=\u00bbon\u00bb font_icon=\u00bb%%249%%\u00bb icon_color=\u00bb#ffa727&#8243; icon_placement=\u00bbleft\u00bb content_max_width=\u00bb1100px\u00bb use_icon_font_size=\u00bbon\u00bb icon_font_size=\u00bb28px\u00bb _builder_version=\u00bb4.9.2&#8243; header_font=\u00bbShare Tech||||||||\u00bb header_font_size=\u00bb22px\u00bb header_line_height=\u00bb1.2em\u00bb body_font=\u00bbOpen Sans||||||||\u00bb body_line_height=\u00bb1.8em\u00bb background_layout=\u00bbdark\u00bb custom_padding=\u00bb|||\u00bb animation=\u00bboff\u00bb locked=\u00bboff\u00bb]Jr. S\u00e1enz Pe\u00f1a 590 La Punta &#8211; Callao Per\u00fa.<\/p>\n<p style=\"text-align: center;\">[\/et_pb_blurb][et_pb_blurb title=\u00bbEmail\u00bb use_icon=\u00bbon\u00bb font_icon=\u00bb%%153%%\u00bb icon_color=\u00bb#ffa727&#8243; icon_placement=\u00bbleft\u00bb content_max_width=\u00bb1100px\u00bb use_icon_font_size=\u00bbon\u00bb icon_font_size=\u00bb28px\u00bb _builder_version=\u00bb4.9.2&#8243; header_font=\u00bbShare Tech||||||||\u00bb header_font_size=\u00bb22px\u00bb header_line_height=\u00bb1.2em\u00bb body_font=\u00bbOpen Sans||||||||\u00bb body_line_height=\u00bb1.8em\u00bb background_layout=\u00bbdark\u00bb custom_margin=\u00bb-36px|||||\u00bb custom_padding=\u00bb3px|||||\u00bb animation=\u00bboff\u00bb locked=\u00bboff\u00bb]biblioteca@esup.edu.pe repositorio@esup.edu.pe<\/p>\n<p style=\"text-align: center;\">[\/et_pb_blurb][\/et_pb_column][et_pb_column type=\u00bb1_3&#8243; _builder_version=\u00bb3.25&#8243; custom_padding=\u00bb120px|||\u00bb custom_padding_tablet=\u00bb0px|||\u00bb custom_padding_phone=\u00bb\u00bb custom_padding_last_edited=\u00bbon|tablet\u00bb padding_tablet=\u00bb0px|||\u00bb padding_last_edited=\u00bbon|tablet\u00bb custom_padding__hover=\u00bb|||\u00bb][et_pb_blurb title=\u00bbAtenci\u00f3n en l\u00ednea\u00bb use_icon=\u00bbon\u00bb font_icon=\u00bb%%227%%\u00bb icon_color=\u00bb#ffa727&#8243; icon_placement=\u00bbleft\u00bb content_max_width=\u00bb1100px\u00bb use_icon_font_size=\u00bbon\u00bb icon_font_size=\u00bb28px\u00bb _builder_version=\u00bb4.9.2&#8243; header_font=\u00bbShare Tech||||||||\u00bb header_font_size=\u00bb22px\u00bb header_line_height=\u00bb1.2em\u00bb body_font=\u00bbOpen Sans||||||||\u00bb body_line_height=\u00bb1.8em\u00bb background_layout=\u00bbdark\u00bb custom_margin=\u00bb-115px|||||\u00bb custom_margin_tablet=\u00bb1px||||false|false\u00bb custom_margin_phone=\u00bb\u00bb custom_margin_last_edited=\u00bbon|phone\u00bb custom_padding=\u00bb|||\u00bb animation=\u00bboff\u00bb locked=\u00bboff\u00bb]Lunes a viernes de 08.00 am a 4.00 pm. Sede Central: Campus ESUP Lunes a viernes: 08.00 am a 4.00 pm.<\/p>\n<p style=\"text-align: center;\">[\/et_pb_blurb][\/et_pb_column][et_pb_column type=\u00bb1_3&#8243; _builder_version=\u00bb3.25&#8243; custom_padding=\u00bb120px|||\u00bb custom_padding_tablet=\u00bb0px|||\u00bb custom_padding_phone=\u00bb\u00bb custom_padding_last_edited=\u00bbon|tablet\u00bb padding_tablet=\u00bb0px|||\u00bb padding_last_edited=\u00bbon|tablet\u00bb custom_padding__hover=\u00bb|||\u00bb][et_pb_blurb title=\u00bbTel\u00e9fono\u00bb use_icon=\u00bbon\u00bb font_icon=\u00bb%%264%%\u00bb icon_color=\u00bb#ffa727&#8243; icon_placement=\u00bbleft\u00bb content_max_width=\u00bb1100px\u00bb use_icon_font_size=\u00bbon\u00bb icon_font_size=\u00bb28px\u00bb _builder_version=\u00bb4.9.2&#8243; header_font=\u00bbShare Tech||||||||\u00bb header_font_size=\u00bb22px\u00bb header_line_height=\u00bb1.2em\u00bb body_font=\u00bbOpen Sans||||||||\u00bb body_line_height=\u00bb1.8em\u00bb background_layout=\u00bbdark\u00bb custom_margin=\u00bb-109px|||||\u00bb custom_margin_tablet=\u00bb1px||||false|false\u00bb custom_margin_phone=\u00bb\u00bb custom_margin_last_edited=\u00bbon|phone\u00bb custom_padding=\u00bb|||\u00bb animation=\u00bboff\u00bb locked=\u00bboff\u00bb]+ 51 519400 C\u00f3digo Postal: 07021<\/p>\n<p style=\"text-align: center;\">[\/et_pb_blurb][et_pb_blurb title=\u00bbS\u00edguenos\u00bb use_icon=\u00bbon\u00bb font_icon=\u00bb%%40%%\u00bb icon_color=\u00bb#ffa727&#8243; icon_placement=\u00bbleft\u00bb content_max_width=\u00bb1100px\u00bb use_icon_font_size=\u00bbon\u00bb icon_font_size=\u00bb28px\u00bb _builder_version=\u00bb4.9.2&#8243; header_font=\u00bbShare Tech||||||||\u00bb header_font_size=\u00bb22px\u00bb header_line_height=\u00bb1.2em\u00bb body_font=\u00bbOpen Sans||||||||\u00bb body_font_size=\u00bb16px\u00bb body_line_height=\u00bb1.8em\u00bb background_layout=\u00bbdark\u00bb custom_margin=\u00bb-30px||||false|false\u00bb custom_margin_tablet=\u00bb1px||||false|false\u00bb custom_margin_phone=\u00bb\u00bb custom_margin_last_edited=\u00bbon|phone\u00bb custom_padding=\u00bb|||\u00bb animation=\u00bboff\u00bb locked=\u00bboff\u00bb]<\/p>\n<nav class=\"redSocial\">\n<ul class=\"rsocial\">\n<li><\/li>\n<li><\/li>\n<li><\/li>\n<li><\/li>\n<li><\/li>\n<\/ul>\n<div class=\"clearfix\"><\/div>\n<\/nav>\n<p style=\"text-align: center;\">[\/et_pb_blurb][\/et_pb_column][\/et_pb_row][\/et_pb_section]<\/p>\n","protected":false},"excerpt":{"rendered":"<p>[et_pb_section fb_built=\u00bb1&#8243; _builder_version=\u00bb4.9.2&#8243; _module_preset=\u00bbdefault\u00bb background_color=\u00bb#000000&#8243; background_image=\u00bbhttp:\/\/172.16.50.3\/webBiblioteca\/wp-content\/uploads\/2021\/03\/it-services-02.jpg\u00bb parallax=\u00bbon\u00bb custom_margin=\u00bb||-57px||false|false\u00bb custom_margin_tablet=\u00bb|||0px|false|false\u00bb custom_margin_phone=\u00bb|||0px|false|false\u00bb custom_margin_last_edited=\u00bbon|desktop\u00bb custom_padding=\u00bb0px|0|0px||false|false\u00bb][et_pb_row use_custom_gutter=\u00bbon\u00bb _builder_version=\u00bb3.25&#8243; custom_margin=\u00bb|auto|-31px|auto||\u00bb custom_padding=\u00bb|||\u00bb use_custom_width=\u00bbon\u00bb][et_pb_column type=\u00bb4_4&#8243; _builder_version=\u00bb3.25&#8243; custom_padding=\u00bb|||\u00bb custom_padding__hover=\u00bb|||\u00bb][et_pb_text _builder_version=\u00bb4.9.2&#8243; _module_preset=\u00bbdefault\u00bb text_font=\u00bb||||||||\u00bb text_font_size=\u00bb28px\u00bb background_color=\u00bbRGBA(0,0,0,0)\u00bb] REPOSITORIOS\u00a0 NACIONALES\u00a0 &nbsp; Red de repositorios peruanos de ciencia, tecnolog\u00eda e innovaci\u00f3n,ofrecen acceso abierto a libros, tesis, art\u00edculos, videos y\u00a0 otros.Como contribuci\u00f3n a la investigaci\u00f3n nacional e internacional. [\/et_pb_text][\/et_pb_column][\/et_pb_row][\/et_pb_section][et_pb_section [&hellip;]<\/p>\n","protected":false},"author":1,"featured_media":0,"parent":1802,"menu_order":0,"comment_status":"closed","ping_status":"closed","template":"","meta":{"_et_pb_use_builder":"on","_et_pb_old_content":"","_et_gb_content_width":""},"wf_page_folders":[],"yoast_head":"<!-- This site is optimized with the Yoast SEO plugin v16.3 - https:\/\/yoast.com\/wordpress\/plugins\/seo\/ -->\r\n<title>Repositorios Nacionales - Biblioteca ESUP<\/title>\r\n<meta name=\"robots\" content=\"index, follow, max-snippet:-1, max-image-preview:large, max-video-preview:-1\" \/>\r\n<link rel=\"canonical\" href=\"https:\/\/biblioteca.esup.edu.pe\/?page_id=2255\" \/>\r\n<meta property=\"og:locale\" content=\"es_ES\" \/>\r\n<meta property=\"og:type\" content=\"article\" \/>\r\n<meta property=\"og:title\" content=\"Repositorios Nacionales - Biblioteca ESUP\" \/>\r\n<meta property=\"og:description\" content=\"[et_pb_section fb_built=\u00bb1&#8243; _builder_version=\u00bb4.9.2&#8243; _module_preset=\u00bbdefault\u00bb background_color=\u00bb#000000&#8243; background_image=\u00bbhttp:\/\/172.16.50.3\/webBiblioteca\/wp-content\/uploads\/2021\/03\/it-services-02.jpg\u00bb parallax=\u00bbon\u00bb custom_margin=\u00bb||-57px||false|false\u00bb custom_margin_tablet=\u00bb|||0px|false|false\u00bb custom_margin_phone=\u00bb|||0px|false|false\u00bb custom_margin_last_edited=\u00bbon|desktop\u00bb custom_padding=\u00bb0px|0|0px||false|false\u00bb][et_pb_row use_custom_gutter=\u00bbon\u00bb _builder_version=\u00bb3.25&#8243; custom_margin=\u00bb|auto|-31px|auto||\u00bb custom_padding=\u00bb|||\u00bb use_custom_width=\u00bbon\u00bb][et_pb_column type=\u00bb4_4&#8243; _builder_version=\u00bb3.25&#8243; custom_padding=\u00bb|||\u00bb custom_padding__hover=\u00bb|||\u00bb][et_pb_text _builder_version=\u00bb4.9.2&#8243; _module_preset=\u00bbdefault\u00bb text_font=\u00bb||||||||\u00bb text_font_size=\u00bb28px\u00bb background_color=\u00bbRGBA(0,0,0,0)\u00bb] REPOSITORIOS\u00a0 NACIONALES\u00a0 &nbsp; Red de repositorios peruanos de ciencia, tecnolog\u00eda e innovaci\u00f3n,ofrecen acceso abierto a libros, tesis, art\u00edculos, videos y\u00a0 otros.Como contribuci\u00f3n a la investigaci\u00f3n nacional e internacional. [\/et_pb_text][\/et_pb_column][\/et_pb_row][\/et_pb_section][et_pb_section [&hellip;]\" \/>\r\n<meta property=\"og:url\" content=\"https:\/\/biblioteca.esup.edu.pe\/?page_id=2255\" \/>\r\n<meta property=\"og:site_name\" content=\"Biblioteca ESUP\" \/>\r\n<meta property=\"article:publisher\" content=\"https:\/\/www.facebook.com\/ESUP.Oficial\/\" \/>\r\n<meta property=\"article:modified_time\" content=\"2025-02-04T21:41:06+00:00\" \/>\r\n<meta name=\"twitter:card\" content=\"summary_large_image\" \/>\r\n<meta name=\"twitter:site\" content=\"@RepositorioESUP\" \/>\r\n<meta name=\"twitter:label1\" content=\"Tiempo de lectura\">\n\t<meta name=\"twitter:data1\" content=\"8 minutos\">\r\n<script type=\"application\/ld+json\" class=\"yoast-schema-graph\">{\"@context\":\"https:\/\/schema.org\",\"@graph\":[{\"@type\":\"Organization\",\"@id\":\"https:\/\/biblioteca.esup.edu.pe\/#organization\",\"name\":\"Biblioteca ESUP - Escuela Superior de Guerra Naval\",\"url\":\"https:\/\/biblioteca.esup.edu.pe\/\",\"sameAs\":[\"https:\/\/www.facebook.com\/ESUP.Oficial\/\",\"https:\/\/www.instagram.com\/bibliotecaesup\/?hl=es-la\",\"https:\/\/gr.pinterest.com\/bibliotecaesup\/\",\"https:\/\/twitter.com\/RepositorioESUP\"],\"logo\":{\"@type\":\"ImageObject\",\"@id\":\"https:\/\/biblioteca.esup.edu.pe\/#logo\",\"inLanguage\":\"es\",\"url\":\"https:\/\/biblioteca.esup.edu.pe\/wp-content\/uploads\/INICIO\/logo_mediano.png\",\"contentUrl\":\"https:\/\/biblioteca.esup.edu.pe\/wp-content\/uploads\/INICIO\/logo_mediano.png\",\"width\":300,\"height\":77,\"caption\":\"Biblioteca ESUP - Escuela Superior de Guerra Naval\"},\"image\":{\"@id\":\"https:\/\/biblioteca.esup.edu.pe\/#logo\"}},{\"@type\":\"WebSite\",\"@id\":\"https:\/\/biblioteca.esup.edu.pe\/#website\",\"url\":\"https:\/\/biblioteca.esup.edu.pe\/\",\"name\":\"Biblioteca ESUP\",\"description\":\"Biblioteca de la Escuela Superior de Guerra Naval\",\"publisher\":{\"@id\":\"https:\/\/biblioteca.esup.edu.pe\/#organization\"},\"potentialAction\":[{\"@type\":\"SearchAction\",\"target\":\"https:\/\/biblioteca.esup.edu.pe\/?s={search_term_string}\",\"query-input\":\"required name=search_term_string\"}],\"inLanguage\":\"es\"},{\"@type\":\"WebPage\",\"@id\":\"https:\/\/biblioteca.esup.edu.pe\/?page_id=2255#webpage\",\"url\":\"https:\/\/biblioteca.esup.edu.pe\/?page_id=2255\",\"name\":\"Repositorios Nacionales - Biblioteca ESUP\",\"isPartOf\":{\"@id\":\"https:\/\/biblioteca.esup.edu.pe\/#website\"},\"datePublished\":\"2025-01-20T20:50:21+00:00\",\"dateModified\":\"2025-02-04T21:41:06+00:00\",\"breadcrumb\":{\"@id\":\"https:\/\/biblioteca.esup.edu.pe\/?page_id=2255#breadcrumb\"},\"inLanguage\":\"es\",\"potentialAction\":[{\"@type\":\"ReadAction\",\"target\":[\"https:\/\/biblioteca.esup.edu.pe\/?page_id=2255\"]}]},{\"@type\":\"BreadcrumbList\",\"@id\":\"https:\/\/biblioteca.esup.edu.pe\/?page_id=2255#breadcrumb\",\"itemListElement\":[{\"@type\":\"ListItem\",\"position\":1,\"item\":{\"@type\":\"WebPage\",\"@id\":\"https:\/\/biblioteca.esup.edu.pe\/\",\"url\":\"https:\/\/biblioteca.esup.edu.pe\/\",\"name\":\"Portada\"}},{\"@type\":\"ListItem\",\"position\":2,\"item\":{\"@type\":\"WebPage\",\"@id\":\"https:\/\/biblioteca.esup.edu.pe\/?page_id=1802\",\"url\":\"https:\/\/biblioteca.esup.edu.pe\/?page_id=1802\",\"name\":\"Repositorio ESUP\"}},{\"@type\":\"ListItem\",\"position\":3,\"item\":{\"@id\":\"https:\/\/biblioteca.esup.edu.pe\/?page_id=2255#webpage\"}}]}]}<\/script>\r\n<!-- \/ Yoast SEO plugin. -->","_links":{"self":[{"href":"https:\/\/biblioteca.esup.edu.pe\/index.php?rest_route=\/wp\/v2\/pages\/2255"}],"collection":[{"href":"https:\/\/biblioteca.esup.edu.pe\/index.php?rest_route=\/wp\/v2\/pages"}],"about":[{"href":"https:\/\/biblioteca.esup.edu.pe\/index.php?rest_route=\/wp\/v2\/types\/page"}],"author":[{"embeddable":true,"href":"https:\/\/biblioteca.esup.edu.pe\/index.php?rest_route=\/wp\/v2\/users\/1"}],"replies":[{"embeddable":true,"href":"https:\/\/biblioteca.esup.edu.pe\/index.php?rest_route=%2Fwp%2Fv2%2Fcomments&post=2255"}],"version-history":[{"count":9,"href":"https:\/\/biblioteca.esup.edu.pe\/index.php?rest_route=\/wp\/v2\/pages\/2255\/revisions"}],"predecessor-version":[{"id":2304,"href":"https:\/\/biblioteca.esup.edu.pe\/index.php?rest_route=\/wp\/v2\/pages\/2255\/revisions\/2304"}],"up":[{"embeddable":true,"href":"https:\/\/biblioteca.esup.edu.pe\/index.php?rest_route=\/wp\/v2\/pages\/1802"}],"wp:attachment":[{"href":"https:\/\/biblioteca.esup.edu.pe\/index.php?rest_route=%2Fwp%2Fv2%2Fmedia&parent=2255"}],"wp:term":[{"taxonomy":"wf_page_folders","embeddable":true,"href":"https:\/\/biblioteca.esup.edu.pe\/index.php?rest_route=%2Fwp%2Fv2%2Fwf_page_folders&post=2255"}],"curies":[{"name":"wp","href":"https:\/\/api.w.org\/{rel}","templated":true}]}}